{"id":7,"date":"2025-07-02T13:07:11","date_gmt":"2025-07-02T13:07:11","guid":{"rendered":"https:\/\/ncs.ijy.mybluehost.me\/DRForbesGP\/?page_id=7"},"modified":"2026-02-10T18:14:46","modified_gmt":"2026-02-10T18:14:46","slug":"front-page","status":"publish","type":"page","link":"https:\/\/dominicanrepublicfgp.com\/es\/","title":{"rendered":"Front page"},"content":{"rendered":"<div class=\"wp-block-group frontpage-content-width\"><div class=\"wp-block-group__inner-container is-layout-constrained wp-block-group-is-layout-constrained\"><div class=\"wp-block-image\">\n<figure class=\"aligncenter size-large is-resized\"><img loading=\"lazy\" decoding=\"async\" width=\"3618\" height=\"565\" src=\"https:\/\/ncs.ijy.mybluehost.me\/DRForbesGP\/wp-content\/uploads\/2025\/07\/logo_light.svg\" alt=\"\" class=\"wp-image-20\" style=\"width:493px;height:auto\"\/><\/figure>\n<\/div>\n\n\n<div style=\"height:41px\" aria-hidden=\"true\" class=\"wp-block-spacer\"><\/div>\n\n\n\n<p class=\"has-text-align-center\">Dominican Republic Forbes Global Properties es una firma de intermediaci\u00f3n inmobiliaria orientada a individuos de alto y ultra alto patrimonio (HNWI \/ UHNWI) que buscan oportunidades excepcionales en la Rep\u00fablica Dominicana. Su enfoque se basa en la discreci\u00f3n, el conocimiento profundo del mercado y la excelencia en la ejecuci\u00f3n de transacciones, representando una selecci\u00f3n cuidadosamente curada de propiedades para una clientela privada internacional.<\/p>\n\n\n\n<p class=\"has-text-align-center\">Como representante exclusivo de Forbes Global Properties en la Rep\u00fablica Dominicana, la firma forma parte de una red global de compa\u00f1\u00edas l\u00edderes, seleccionadas por su prestigio, credibilidad y dominio de mercado. Esta afiliaci\u00f3n permite acceso directo a compradores HNWI y UHNWI a trav\u00e9s de la plataforma medi\u00e1tica y el ecosistema de asesor\u00eda de Forbes.<\/p>\n\n\n\n<p class=\"has-text-align-center\">Con una filosof\u00eda centrada en el cliente, Dominican Republic Forbes Global Properties prioriza una representaci\u00f3n refinada, un posicionamiento preciso y una ejecuci\u00f3n impecable, garantizando confidencialidad, profesionalismo y visi\u00f3n estrat\u00e9gica en cada operaci\u00f3n.<\/p>\n<\/div><\/div>","protected":false},"excerpt":{"rendered":"<p>Dominican Republic Forbes Global Properties is a real estate brokerage dedicated to serving High-Net-Worth and Ultra-High-Net-Worth Individuals seeking exceptional opportunities in the Dominican Republic. Built on discretion, market intelligence, and transactional excellence, the firm represents a highly curated portfolio of properties aligned with the expectations of a global private clientele. As the exclusive representative of [&hellip;]<\/p>\n","protected":false},"author":1,"featured_media":0,"parent":0,"menu_order":0,"comment_status":"closed","ping_status":"closed","template":"","meta":{"footnotes":""},"class_list":["post-7","page","type-page","status-publish","hentry"],"yoast_head":"<!-- This site is optimized with the Yoast SEO plugin v27.2 - https:\/\/yoast.com\/product\/yoast-seo-wordpress\/ -->\n<title>Dominican Republic Forbes Global Properties<\/title>\n<meta name=\"description\" content=\"Showcasing the Dominican Republic&#039;s most prestigious properties. Exclusive members of Forbes Global Properties. Backed by Forbes global power.\" \/>\n<meta name=\"robots\" content=\"index, follow, max-snippet:-1, max-image-preview:large, max-video-preview:-1\" \/>\n<link rel=\"canonical\" href=\"https:\/\/dominicanrepublicfgp.com\/es\/\" \/>\n<meta property=\"og:locale\" content=\"es_ES\" \/>\n<meta property=\"og:type\" content=\"article\" \/>\n<meta property=\"og:title\" content=\"Dominican Republic Forbes Global Properties\" \/>\n<meta property=\"og:description\" content=\"Showcasing the Dominican Republic&#039;s most prestigious properties. Exclusive members of Forbes Global Properties. Backed by Forbes global power.\" \/>\n<meta property=\"og:url\" content=\"https:\/\/dominicanrepublicfgp.com\/es\/\" \/>\n<meta property=\"og:site_name\" content=\"Dominican Republic Forbes Global Properties\" \/>\n<meta property=\"article:publisher\" content=\"https:\/\/www.facebook.com\/profile.php?id=61577829082108\" \/>\n<meta property=\"article:modified_time\" content=\"2026-02-10T18:14:46+00:00\" \/>\n<meta name=\"twitter:card\" content=\"summary_large_image\" \/>\n<meta name=\"twitter:label1\" content=\"Est. reading time\" \/>\n\t<meta name=\"twitter:data1\" content=\"1 minuto\" \/>\n<script type=\"application\/ld+json\" class=\"yoast-schema-graph\">{\"@context\":\"https:\/\/schema.org\",\"@graph\":[{\"@type\":\"WebPage\",\"@id\":\"https:\/\/dominicanrepublicfgp.com\/\",\"url\":\"https:\/\/dominicanrepublicfgp.com\/\",\"name\":\"Dominican Republic Forbes Global Properties\",\"isPartOf\":{\"@id\":\"https:\/\/dominicanrepublicfgp.com\/#website\"},\"primaryImageOfPage\":{\"@id\":\"https:\/\/dominicanrepublicfgp.com\/#primaryimage\"},\"image\":{\"@id\":\"https:\/\/dominicanrepublicfgp.com\/#primaryimage\"},\"thumbnailUrl\":\"https:\/\/ncs.ijy.mybluehost.me\/DRForbesGP\/wp-content\/uploads\/2025\/07\/logo_light.svg\",\"datePublished\":\"2025-07-02T13:07:11+00:00\",\"dateModified\":\"2026-02-10T18:14:46+00:00\",\"description\":\"Showcasing the Dominican Republic's most prestigious properties. Exclusive members of Forbes Global Properties. Backed by Forbes global power.\",\"breadcrumb\":{\"@id\":\"https:\/\/dominicanrepublicfgp.com\/#breadcrumb\"},\"inLanguage\":\"es-DO\",\"potentialAction\":[{\"@type\":\"ReadAction\",\"target\":[\"https:\/\/dominicanrepublicfgp.com\/\"]}]},{\"@type\":\"ImageObject\",\"inLanguage\":\"es-DO\",\"@id\":\"https:\/\/dominicanrepublicfgp.com\/#primaryimage\",\"url\":\"https:\/\/ncs.ijy.mybluehost.me\/DRForbesGP\/wp-content\/uploads\/2025\/07\/logo_light.svg\",\"contentUrl\":\"https:\/\/ncs.ijy.mybluehost.me\/DRForbesGP\/wp-content\/uploads\/2025\/07\/logo_light.svg\"},{\"@type\":\"BreadcrumbList\",\"@id\":\"https:\/\/dominicanrepublicfgp.com\/#breadcrumb\",\"itemListElement\":[{\"@type\":\"ListItem\",\"position\":1,\"name\":\"Home\",\"item\":\"https:\/\/dominicanrepublicfgp.com\/\"},{\"@type\":\"ListItem\",\"position\":2,\"name\":\"Front page\"}]},{\"@type\":\"WebSite\",\"@id\":\"https:\/\/dominicanrepublicfgp.com\/#website\",\"url\":\"https:\/\/dominicanrepublicfgp.com\/\",\"name\":\"Dominican Republic Forbes Global Properties\",\"description\":\"\",\"potentialAction\":[{\"@type\":\"SearchAction\",\"target\":{\"@type\":\"EntryPoint\",\"urlTemplate\":\"https:\/\/dominicanrepublicfgp.com\/?s={search_term_string}\"},\"query-input\":{\"@type\":\"PropertyValueSpecification\",\"valueRequired\":true,\"valueName\":\"search_term_string\"}}],\"inLanguage\":\"es-DO\"}]}<\/script>\n<!-- \/ Yoast SEO plugin. -->","yoast_head_json":{"title":"Dominican Republic Forbes Global Properties","description":"Showcasing the Dominican Republic's most prestigious properties. Exclusive members of Forbes Global Properties. Backed by Forbes global power.","robots":{"index":"index","follow":"follow","max-snippet":"max-snippet:-1","max-image-preview":"max-image-preview:large","max-video-preview":"max-video-preview:-1"},"canonical":"https:\/\/dominicanrepublicfgp.com\/es\/","og_locale":"es_ES","og_type":"article","og_title":"Dominican Republic Forbes Global Properties","og_description":"Showcasing the Dominican Republic's most prestigious properties. Exclusive members of Forbes Global Properties. Backed by Forbes global power.","og_url":"https:\/\/dominicanrepublicfgp.com\/es\/","og_site_name":"Dominican Republic Forbes Global Properties","article_publisher":"https:\/\/www.facebook.com\/profile.php?id=61577829082108","article_modified_time":"2026-02-10T18:14:46+00:00","twitter_card":"summary_large_image","twitter_misc":{"Est. reading time":"1 minuto"},"schema":{"@context":"https:\/\/schema.org","@graph":[{"@type":"WebPage","@id":"https:\/\/dominicanrepublicfgp.com\/","url":"https:\/\/dominicanrepublicfgp.com\/","name":"Dominican Republic Forbes Global Properties","isPartOf":{"@id":"https:\/\/dominicanrepublicfgp.com\/#website"},"primaryImageOfPage":{"@id":"https:\/\/dominicanrepublicfgp.com\/#primaryimage"},"image":{"@id":"https:\/\/dominicanrepublicfgp.com\/#primaryimage"},"thumbnailUrl":"https:\/\/ncs.ijy.mybluehost.me\/DRForbesGP\/wp-content\/uploads\/2025\/07\/logo_light.svg","datePublished":"2025-07-02T13:07:11+00:00","dateModified":"2026-02-10T18:14:46+00:00","description":"Showcasing the Dominican Republic's most prestigious properties. Exclusive members of Forbes Global Properties. Backed by Forbes global power.","breadcrumb":{"@id":"https:\/\/dominicanrepublicfgp.com\/#breadcrumb"},"inLanguage":"es-DO","potentialAction":[{"@type":"ReadAction","target":["https:\/\/dominicanrepublicfgp.com\/"]}]},{"@type":"ImageObject","inLanguage":"es-DO","@id":"https:\/\/dominicanrepublicfgp.com\/#primaryimage","url":"https:\/\/ncs.ijy.mybluehost.me\/DRForbesGP\/wp-content\/uploads\/2025\/07\/logo_light.svg","contentUrl":"https:\/\/ncs.ijy.mybluehost.me\/DRForbesGP\/wp-content\/uploads\/2025\/07\/logo_light.svg"},{"@type":"BreadcrumbList","@id":"https:\/\/dominicanrepublicfgp.com\/#breadcrumb","itemListElement":[{"@type":"ListItem","position":1,"name":"Home","item":"https:\/\/dominicanrepublicfgp.com\/"},{"@type":"ListItem","position":2,"name":"Front page"}]},{"@type":"WebSite","@id":"https:\/\/dominicanrepublicfgp.com\/#website","url":"https:\/\/dominicanrepublicfgp.com\/","name":"Dominican Republic Forbes Global Properties","description":"","potentialAction":[{"@type":"SearchAction","target":{"@type":"EntryPoint","urlTemplate":"https:\/\/dominicanrepublicfgp.com\/?s={search_term_string}"},"query-input":{"@type":"PropertyValueSpecification","valueRequired":true,"valueName":"search_term_string"}}],"inLanguage":"es-DO"}]}},"_links":{"self":[{"href":"https:\/\/dominicanrepublicfgp.com\/es\/wp-json\/wp\/v2\/pages\/7","targetHints":{"allow":["GET"]}}],"collection":[{"href":"https:\/\/dominicanrepublicfgp.com\/es\/wp-json\/wp\/v2\/pages"}],"about":[{"href":"https:\/\/dominicanrepublicfgp.com\/es\/wp-json\/wp\/v2\/types\/page"}],"author":[{"embeddable":true,"href":"https:\/\/dominicanrepublicfgp.com\/es\/wp-json\/wp\/v2\/users\/1"}],"replies":[{"embeddable":true,"href":"https:\/\/dominicanrepublicfgp.com\/es\/wp-json\/wp\/v2\/comments?post=7"}],"version-history":[{"count":5,"href":"https:\/\/dominicanrepublicfgp.com\/es\/wp-json\/wp\/v2\/pages\/7\/revisions"}],"predecessor-version":[{"id":237,"href":"https:\/\/dominicanrepublicfgp.com\/es\/wp-json\/wp\/v2\/pages\/7\/revisions\/237"}],"wp:attachment":[{"href":"https:\/\/dominicanrepublicfgp.com\/es\/wp-json\/wp\/v2\/media?parent=7"}],"curies":[{"name":"wp","href":"https:\/\/api.w.org\/{rel}","templated":true}]}}